{"id":838,"date":"2018-10-19T07:37:07","date_gmt":"2018-10-19T07:37:07","guid":{"rendered":"http:\/\/schine.panang.nu\/vara-produkter\/"},"modified":"2024-08-05T14:40:39","modified_gmt":"2024-08-05T12:40:39","slug":"our-products","status":"publish","type":"page","link":"https:\/\/schine.se\/en\/our-products\/","title":{"rendered":"Our products"},"content":{"rendered":"\n<p>Schine creates smart and user-friendly aids to simplify your daily life. Discover our pill products for easier handling and dosage of medications and tablets. Or explore our latest innovation, Schine Walk\u2014a crutch tip with unique cushioning that provides a safer walk and can reduce strain on your hands, shoulders, and neck.<\/p>\n","protected":false},"excerpt":{"rendered":"<p>Schine creates smart and user-friendly aids to simplify your daily life. Discover our pill products for easier handling and dosage of medications and tablets. Or explore our latest innovation, Schine Walk\u2014a crutch tip with unique cushioning that provides a safer walk and can reduce strain on your hands, shoulders, and neck.<\/p>\n","protected":false},"author":1,"featured_media":4455,"parent":0,"menu_order":0,"comment_status":"closed","ping_status":"closed","template":"","meta":{"footnotes":""},"class_list":["post-838","page","type-page","status-publish","has-post-thumbnail","hentry"],"acf":[],"yoast_head":"<!-- This site is optimized with the Yoast SEO plugin v24.6 - https:\/\/yoast.com\/wordpress\/plugins\/seo\/ -->\n<title>Our products - Schine Innovation<\/title>\n<meta name=\"robots\" content=\"index, follow, max-snippet:-1, max-image-preview:large, max-video-preview:-1\" \/>\n<link rel=\"canonical\" href=\"https:\/\/schine.se\/en\/our-products\/\" \/>\n<meta property=\"og:locale\" content=\"en_US\" \/>\n<meta property=\"og:type\" content=\"article\" \/>\n<meta property=\"og:title\" content=\"Our products - Schine Innovation\" \/>\n<meta property=\"og:description\" content=\"Schine creates smart and user-friendly aids to simplify your daily life. Discover our pill products for easier handling and dosage of medications and tablets. Or explore our latest innovation, Schine Walk\u2014a crutch tip with unique cushioning that provides a safer walk and can reduce strain on your hands, shoulders, and neck.\" \/>\n<meta property=\"og:url\" content=\"https:\/\/schine.se\/en\/our-products\/\" \/>\n<meta property=\"og:site_name\" content=\"Schine Innovation\" \/>\n<meta property=\"article:modified_time\" content=\"2024-08-05T12:40:39+00:00\" \/>\n<meta property=\"og:image\" content=\"https:\/\/schine.se\/wp-content\/uploads\/2024\/03\/skarmavbild-2024-03-11-kl-155729.png\" \/>\n\t<meta property=\"og:image:width\" content=\"2080\" \/>\n\t<meta property=\"og:image:height\" content=\"369\" \/>\n\t<meta property=\"og:image:type\" content=\"image\/png\" \/>\n<meta name=\"twitter:card\" content=\"summary_large_image\" \/>\n<meta name=\"twitter:label1\" content=\"Est. reading time\" \/>\n\t<meta name=\"twitter:data1\" content=\"2 minutes\" \/>\n<script type=\"application\/ld+json\" class=\"yoast-schema-graph\">{\"@context\":\"https:\/\/schema.org\",\"@graph\":[{\"@type\":\"WebPage\",\"@id\":\"https:\/\/schine.se\/en\/our-products\/\",\"url\":\"https:\/\/schine.se\/en\/our-products\/\",\"name\":\"Our products - Schine Innovation\",\"isPartOf\":{\"@id\":\"https:\/\/schine.se\/#website\"},\"primaryImageOfPage\":{\"@id\":\"https:\/\/schine.se\/en\/our-products\/#primaryimage\"},\"image\":{\"@id\":\"https:\/\/schine.se\/en\/our-products\/#primaryimage\"},\"thumbnailUrl\":\"https:\/\/schine.se\/wp-content\/uploads\/2024\/03\/skarmavbild-2024-03-11-kl-155729.png\",\"datePublished\":\"2018-10-19T07:37:07+00:00\",\"dateModified\":\"2024-08-05T12:40:39+00:00\",\"breadcrumb\":{\"@id\":\"https:\/\/schine.se\/en\/our-products\/#breadcrumb\"},\"inLanguage\":\"en-US\",\"potentialAction\":[{\"@type\":\"ReadAction\",\"target\":[\"https:\/\/schine.se\/en\/our-products\/\"]}]},{\"@type\":\"ImageObject\",\"inLanguage\":\"en-US\",\"@id\":\"https:\/\/schine.se\/en\/our-products\/#primaryimage\",\"url\":\"https:\/\/schine.se\/wp-content\/uploads\/2024\/03\/skarmavbild-2024-03-11-kl-155729.png\",\"contentUrl\":\"https:\/\/schine.se\/wp-content\/uploads\/2024\/03\/skarmavbild-2024-03-11-kl-155729.png\",\"width\":2080,\"height\":369,\"caption\":\"Schine Walk d\u00e4mpare st\u00e5r lutad mot v\u00e4gg\"},{\"@type\":\"BreadcrumbList\",\"@id\":\"https:\/\/schine.se\/en\/our-products\/#breadcrumb\",\"itemListElement\":[{\"@type\":\"ListItem\",\"position\":1,\"name\":\"Home\",\"item\":\"https:\/\/schine.se\/en\/\"},{\"@type\":\"ListItem\",\"position\":2,\"name\":\"Our products\"}]},{\"@type\":\"WebSite\",\"@id\":\"https:\/\/schine.se\/#website\",\"url\":\"https:\/\/schine.se\/\",\"name\":\"Schine\",\"description\":\"Enklare hj\u00e4lpmedel som g\u00f6r skillnad\",\"potentialAction\":[{\"@type\":\"SearchAction\",\"target\":{\"@type\":\"EntryPoint\",\"urlTemplate\":\"https:\/\/schine.se\/?s={search_term_string}\"},\"query-input\":{\"@type\":\"PropertyValueSpecification\",\"valueRequired\":true,\"valueName\":\"search_term_string\"}}],\"inLanguage\":\"en-US\"}]}<\/script>\n<!-- \/ Yoast SEO plugin. -->","yoast_head_json":{"title":"Our products - Schine Innovation","robots":{"index":"index","follow":"follow","max-snippet":"max-snippet:-1","max-image-preview":"max-image-preview:large","max-video-preview":"max-video-preview:-1"},"canonical":"https:\/\/schine.se\/en\/our-products\/","og_locale":"en_US","og_type":"article","og_title":"Our products - Schine Innovation","og_description":"Schine creates smart and user-friendly aids to simplify your daily life. Discover our pill products for easier handling and dosage of medications and tablets. Or explore our latest innovation, Schine Walk\u2014a crutch tip with unique cushioning that provides a safer walk and can reduce strain on your hands, shoulders, and neck.","og_url":"https:\/\/schine.se\/en\/our-products\/","og_site_name":"Schine Innovation","article_modified_time":"2024-08-05T12:40:39+00:00","og_image":[{"width":2080,"height":369,"url":"https:\/\/schine.se\/wp-content\/uploads\/2024\/03\/skarmavbild-2024-03-11-kl-155729.png","type":"image\/png"}],"twitter_card":"summary_large_image","twitter_misc":{"Est. reading time":"2 minutes"},"schema":{"@context":"https:\/\/schema.org","@graph":[{"@type":"WebPage","@id":"https:\/\/schine.se\/en\/our-products\/","url":"https:\/\/schine.se\/en\/our-products\/","name":"Our products - Schine Innovation","isPartOf":{"@id":"https:\/\/schine.se\/#website"},"primaryImageOfPage":{"@id":"https:\/\/schine.se\/en\/our-products\/#primaryimage"},"image":{"@id":"https:\/\/schine.se\/en\/our-products\/#primaryimage"},"thumbnailUrl":"https:\/\/schine.se\/wp-content\/uploads\/2024\/03\/skarmavbild-2024-03-11-kl-155729.png","datePublished":"2018-10-19T07:37:07+00:00","dateModified":"2024-08-05T12:40:39+00:00","breadcrumb":{"@id":"https:\/\/schine.se\/en\/our-products\/#breadcrumb"},"inLanguage":"en-US","potentialAction":[{"@type":"ReadAction","target":["https:\/\/schine.se\/en\/our-products\/"]}]},{"@type":"ImageObject","inLanguage":"en-US","@id":"https:\/\/schine.se\/en\/our-products\/#primaryimage","url":"https:\/\/schine.se\/wp-content\/uploads\/2024\/03\/skarmavbild-2024-03-11-kl-155729.png","contentUrl":"https:\/\/schine.se\/wp-content\/uploads\/2024\/03\/skarmavbild-2024-03-11-kl-155729.png","width":2080,"height":369,"caption":"Schine Walk d\u00e4mpare st\u00e5r lutad mot v\u00e4gg"},{"@type":"BreadcrumbList","@id":"https:\/\/schine.se\/en\/our-products\/#breadcrumb","itemListElement":[{"@type":"ListItem","position":1,"name":"Home","item":"https:\/\/schine.se\/en\/"},{"@type":"ListItem","position":2,"name":"Our products"}]},{"@type":"WebSite","@id":"https:\/\/schine.se\/#website","url":"https:\/\/schine.se\/","name":"Schine","description":"Enklare hj\u00e4lpmedel som g\u00f6r skillnad","potentialAction":[{"@type":"SearchAction","target":{"@type":"EntryPoint","urlTemplate":"https:\/\/schine.se\/?s={search_term_string}"},"query-input":{"@type":"PropertyValueSpecification","valueRequired":true,"valueName":"search_term_string"}}],"inLanguage":"en-US"}]}},"_links":{"self":[{"href":"https:\/\/schine.se\/en\/wp-json\/wp\/v2\/pages\/838"}],"collection":[{"href":"https:\/\/schine.se\/en\/wp-json\/wp\/v2\/pages"}],"about":[{"href":"https:\/\/schine.se\/en\/wp-json\/wp\/v2\/types\/page"}],"author":[{"embeddable":true,"href":"https:\/\/schine.se\/en\/wp-json\/wp\/v2\/users\/1"}],"replies":[{"embeddable":true,"href":"https:\/\/schine.se\/en\/wp-json\/wp\/v2\/comments?post=838"}],"version-history":[{"count":34,"href":"https:\/\/schine.se\/en\/wp-json\/wp\/v2\/pages\/838\/revisions"}],"predecessor-version":[{"id":6153,"href":"https:\/\/schine.se\/en\/wp-json\/wp\/v2\/pages\/838\/revisions\/6153"}],"wp:featuredmedia":[{"embeddable":true,"href":"https:\/\/schine.se\/en\/wp-json\/wp\/v2\/media\/4455"}],"wp:attachment":[{"href":"https:\/\/schine.se\/en\/wp-json\/wp\/v2\/media?parent=838"}],"curies":[{"name":"wp","href":"https:\/\/api.w.org\/{rel}","templated":true}]}}