{"id":1059,"date":"2018-10-19T06:10:58","date_gmt":"2018-10-19T06:10:58","guid":{"rendered":"http:\/\/schine.panang.nu\/startsida\/"},"modified":"2024-03-18T21:08:16","modified_gmt":"2024-03-18T20:08:16","slug":"kotisivu","status":"publish","type":"page","link":"https:\/\/schine.se\/fi\/","title":{"rendered":"Startsida \u2013 Finska"},"content":{"rendered":"","protected":false},"excerpt":{"rendered":"","protected":false},"author":1,"featured_media":0,"parent":0,"menu_order":0,"comment_status":"closed","ping_status":"closed","template":"","meta":{"footnotes":""},"class_list":["post-1059","page","type-page","status-publish","hentry"],"acf":[],"yoast_head":"<!-- This site is optimized with the Yoast SEO plugin v24.6 - https:\/\/yoast.com\/wordpress\/plugins\/seo\/ -->\n<title>Kotisivu - Schine Innovation<\/title>\n<meta name=\"description\" content=\"Tutustu laadukkaisiin apuv\u00e4lineisiin, jotka yksinkertaistavat tablettien k\u00e4sittely\u00e4 ja l\u00e4\u00e4kkeiden annostelua sek\u00e4 ammatti- ett\u00e4 kotik\u00e4ytt\u00f6\u00f6n.\" \/>\n<meta name=\"robots\" content=\"index, follow, max-snippet:-1, max-image-preview:large, max-video-preview:-1\" \/>\n<link rel=\"canonical\" href=\"https:\/\/schine.se\/\" \/>\n<meta property=\"og:locale\" content=\"fi_FI\" \/>\n<meta property=\"og:type\" content=\"article\" \/>\n<meta property=\"og:title\" content=\"Kotisivu - Schine Innovation\" \/>\n<meta property=\"og:description\" content=\"Tutustu laadukkaisiin apuv\u00e4lineisiin, jotka yksinkertaistavat tablettien k\u00e4sittely\u00e4 ja l\u00e4\u00e4kkeiden annostelua sek\u00e4 ammatti- ett\u00e4 kotik\u00e4ytt\u00f6\u00f6n.\" \/>\n<meta property=\"og:url\" content=\"https:\/\/schine.se\/\" \/>\n<meta property=\"og:site_name\" content=\"Schine Innovation\" \/>\n<meta property=\"article:modified_time\" content=\"2024-03-18T20:08:16+00:00\" \/>\n<meta name=\"twitter:card\" content=\"summary_large_image\" \/>\n<script type=\"application\/ld+json\" class=\"yoast-schema-graph\">{\"@context\":\"https:\/\/schema.org\",\"@graph\":[{\"@type\":\"WebPage\",\"@id\":\"https:\/\/schine.se\/\",\"url\":\"https:\/\/schine.se\/\",\"name\":\"Kotisivu - Schine Innovation\",\"isPartOf\":{\"@id\":\"https:\/\/schine.se\/#website\"},\"datePublished\":\"2018-10-19T06:10:58+00:00\",\"dateModified\":\"2024-03-18T20:08:16+00:00\",\"description\":\"Tutustu laadukkaisiin apuv\u00e4lineisiin, jotka yksinkertaistavat tablettien k\u00e4sittely\u00e4 ja l\u00e4\u00e4kkeiden annostelua sek\u00e4 ammatti- ett\u00e4 kotik\u00e4ytt\u00f6\u00f6n.\",\"breadcrumb\":{\"@id\":\"https:\/\/schine.se\/#breadcrumb\"},\"inLanguage\":\"fi\",\"potentialAction\":[{\"@type\":\"ReadAction\",\"target\":[\"https:\/\/schine.se\/\"]}]},{\"@type\":\"BreadcrumbList\",\"@id\":\"https:\/\/schine.se\/#breadcrumb\",\"itemListElement\":[{\"@type\":\"ListItem\",\"position\":1,\"name\":\"Home\",\"item\":\"https:\/\/schine.se\/\"},{\"@type\":\"ListItem\",\"position\":2,\"name\":\"Startsida \u2013 Finska\"}]},{\"@type\":\"WebSite\",\"@id\":\"https:\/\/schine.se\/#website\",\"url\":\"https:\/\/schine.se\/\",\"name\":\"Schine\",\"description\":\"Enklare hj\u00e4lpmedel som g\u00f6r skillnad\",\"potentialAction\":[{\"@type\":\"SearchAction\",\"target\":{\"@type\":\"EntryPoint\",\"urlTemplate\":\"https:\/\/schine.se\/?s={search_term_string}\"},\"query-input\":{\"@type\":\"PropertyValueSpecification\",\"valueRequired\":true,\"valueName\":\"search_term_string\"}}],\"inLanguage\":\"fi\"}]}<\/script>\n<!-- \/ Yoast SEO plugin. -->","yoast_head_json":{"title":"Kotisivu - Schine Innovation","description":"Tutustu laadukkaisiin apuv\u00e4lineisiin, jotka yksinkertaistavat tablettien k\u00e4sittely\u00e4 ja l\u00e4\u00e4kkeiden annostelua sek\u00e4 ammatti- ett\u00e4 kotik\u00e4ytt\u00f6\u00f6n.","robots":{"index":"index","follow":"follow","max-snippet":"max-snippet:-1","max-image-preview":"max-image-preview:large","max-video-preview":"max-video-preview:-1"},"canonical":"https:\/\/schine.se\/","og_locale":"fi_FI","og_type":"article","og_title":"Kotisivu - Schine Innovation","og_description":"Tutustu laadukkaisiin apuv\u00e4lineisiin, jotka yksinkertaistavat tablettien k\u00e4sittely\u00e4 ja l\u00e4\u00e4kkeiden annostelua sek\u00e4 ammatti- ett\u00e4 kotik\u00e4ytt\u00f6\u00f6n.","og_url":"https:\/\/schine.se\/","og_site_name":"Schine Innovation","article_modified_time":"2024-03-18T20:08:16+00:00","twitter_card":"summary_large_image","schema":{"@context":"https:\/\/schema.org","@graph":[{"@type":"WebPage","@id":"https:\/\/schine.se\/","url":"https:\/\/schine.se\/","name":"Kotisivu - Schine Innovation","isPartOf":{"@id":"https:\/\/schine.se\/#website"},"datePublished":"2018-10-19T06:10:58+00:00","dateModified":"2024-03-18T20:08:16+00:00","description":"Tutustu laadukkaisiin apuv\u00e4lineisiin, jotka yksinkertaistavat tablettien k\u00e4sittely\u00e4 ja l\u00e4\u00e4kkeiden annostelua sek\u00e4 ammatti- ett\u00e4 kotik\u00e4ytt\u00f6\u00f6n.","breadcrumb":{"@id":"https:\/\/schine.se\/#breadcrumb"},"inLanguage":"fi","potentialAction":[{"@type":"ReadAction","target":["https:\/\/schine.se\/"]}]},{"@type":"BreadcrumbList","@id":"https:\/\/schine.se\/#breadcrumb","itemListElement":[{"@type":"ListItem","position":1,"name":"Home","item":"https:\/\/schine.se\/"},{"@type":"ListItem","position":2,"name":"Startsida \u2013 Finska"}]},{"@type":"WebSite","@id":"https:\/\/schine.se\/#website","url":"https:\/\/schine.se\/","name":"Schine","description":"Enklare hj\u00e4lpmedel som g\u00f6r skillnad","potentialAction":[{"@type":"SearchAction","target":{"@type":"EntryPoint","urlTemplate":"https:\/\/schine.se\/?s={search_term_string}"},"query-input":{"@type":"PropertyValueSpecification","valueRequired":true,"valueName":"search_term_string"}}],"inLanguage":"fi"}]}},"_links":{"self":[{"href":"https:\/\/schine.se\/fi\/wp-json\/wp\/v2\/pages\/1059"}],"collection":[{"href":"https:\/\/schine.se\/fi\/wp-json\/wp\/v2\/pages"}],"about":[{"href":"https:\/\/schine.se\/fi\/wp-json\/wp\/v2\/types\/page"}],"author":[{"embeddable":true,"href":"https:\/\/schine.se\/fi\/wp-json\/wp\/v2\/users\/1"}],"replies":[{"embeddable":true,"href":"https:\/\/schine.se\/fi\/wp-json\/wp\/v2\/comments?post=1059"}],"version-history":[{"count":13,"href":"https:\/\/schine.se\/fi\/wp-json\/wp\/v2\/pages\/1059\/revisions"}],"predecessor-version":[{"id":4865,"href":"https:\/\/schine.se\/fi\/wp-json\/wp\/v2\/pages\/1059\/revisions\/4865"}],"wp:attachment":[{"href":"https:\/\/schine.se\/fi\/wp-json\/wp\/v2\/media?parent=1059"}],"curies":[{"name":"wp","href":"https:\/\/api.w.org\/{rel}","templated":true}]}}