{"id":2066,"date":"2018-10-19T07:37:42","date_gmt":"2018-10-19T07:37:42","guid":{"rendered":"https:\/\/www.schine.se\/hitta-aterforsaljare\/"},"modified":"2023-11-14T16:01:16","modified_gmt":"2023-11-14T15:01:16","slug":"etsi-jalleenmyyja","status":"publish","type":"page","link":"https:\/\/schine.se\/fi\/etsi-jalleenmyyja\/","title":{"rendered":"Etsi j\u00e4lleenmyyj\u00e4"},"content":{"rendered":"\n<p>Schinen tuotteita myyd\u00e4\u00e4n apteekeissa ja hoitoalan tuotteiden toimittajien kautta. Klikkaa Suomessa toimivia tukkukauppiaita p\u00e4\u00e4st\u00e4ksesi niiden kotisivuille ja saadaksesi lis\u00e4tietoa.<\/p>\n\n\n\n<p>Kun haluat n\u00e4hd\u00e4 ruotsalaiset j\u00e4lleenmyyj\u00e4mme\u00a0<a href=\"https:\/\/www.schine.se\/hitta-aterforsaljare\/\">klikkaa t\u00e4st\u00e4<\/a>.<br>Kun haluat n\u00e4hd\u00e4 kansainv\u00e4liset j\u00e4lleenmyyj\u00e4mme,\u00a0<a href=\"https:\/\/schine.se\/en\/find-a-retailer\/\">klikkaa t\u00e4st\u00e4<\/a>.<\/p>\n","protected":false},"excerpt":{"rendered":"<p>Schinen tuotteita myyd\u00e4\u00e4n apteekeissa ja hoitoalan tuotteiden toimittajien kautta. Klikkaa Suomessa toimivia tukkukauppiaita p\u00e4\u00e4st\u00e4ksesi niiden kotisivuille ja saadaksesi lis\u00e4tietoa. Kun haluat n\u00e4hd\u00e4 ruotsalaiset j\u00e4lleenmyyj\u00e4mme\u00a0klikkaa t\u00e4st\u00e4.Kun haluat n\u00e4hd\u00e4 kansainv\u00e4liset j\u00e4lleenmyyj\u00e4mme,\u00a0klikkaa t\u00e4st\u00e4.<\/p>\n","protected":false},"author":1,"featured_media":0,"parent":0,"menu_order":0,"comment_status":"closed","ping_status":"closed","template":"","meta":{"footnotes":""},"class_list":["post-2066","page","type-page","status-publish","hentry"],"acf":[],"yoast_head":"<!-- This site is optimized with the Yoast SEO plugin v24.6 - https:\/\/yoast.com\/wordpress\/plugins\/seo\/ -->\n<title>Etsi j\u00e4lleenmyyj\u00e4 - Schine Innovation<\/title>\n<meta name=\"robots\" content=\"index, follow, max-snippet:-1, max-image-preview:large, max-video-preview:-1\" \/>\n<link rel=\"canonical\" href=\"https:\/\/schine.se\/hitta-aterforsaljare\/\" \/>\n<meta property=\"og:locale\" content=\"fi_FI\" \/>\n<meta property=\"og:type\" content=\"article\" \/>\n<meta property=\"og:title\" content=\"Etsi j\u00e4lleenmyyj\u00e4 - Schine Innovation\" \/>\n<meta property=\"og:description\" content=\"Schinen tuotteita myyd\u00e4\u00e4n apteekeissa ja hoitoalan tuotteiden toimittajien kautta. Klikkaa Suomessa toimivia tukkukauppiaita p\u00e4\u00e4st\u00e4ksesi niiden kotisivuille ja saadaksesi lis\u00e4tietoa. Kun haluat n\u00e4hd\u00e4 ruotsalaiset j\u00e4lleenmyyj\u00e4mme\u00a0klikkaa t\u00e4st\u00e4.Kun haluat n\u00e4hd\u00e4 kansainv\u00e4liset j\u00e4lleenmyyj\u00e4mme,\u00a0klikkaa t\u00e4st\u00e4.\" \/>\n<meta property=\"og:url\" content=\"https:\/\/schine.se\/hitta-aterforsaljare\/\" \/>\n<meta property=\"og:site_name\" content=\"Schine Innovation\" \/>\n<meta property=\"article:modified_time\" content=\"2023-11-14T15:01:16+00:00\" \/>\n<meta name=\"twitter:card\" content=\"summary_large_image\" \/>\n<meta name=\"twitter:label1\" content=\"Arvioitu lukuaika\" \/>\n\t<meta name=\"twitter:data1\" content=\"1 minuutti\" \/>\n<script type=\"application\/ld+json\" class=\"yoast-schema-graph\">{\"@context\":\"https:\/\/schema.org\",\"@graph\":[{\"@type\":\"WebPage\",\"@id\":\"https:\/\/schine.se\/hitta-aterforsaljare\/\",\"url\":\"https:\/\/schine.se\/hitta-aterforsaljare\/\",\"name\":\"Etsi j\u00e4lleenmyyj\u00e4 - Schine Innovation\",\"isPartOf\":{\"@id\":\"https:\/\/schine.se\/#website\"},\"datePublished\":\"2018-10-19T07:37:42+00:00\",\"dateModified\":\"2023-11-14T15:01:16+00:00\",\"breadcrumb\":{\"@id\":\"https:\/\/schine.se\/hitta-aterforsaljare\/#breadcrumb\"},\"inLanguage\":\"fi\",\"potentialAction\":[{\"@type\":\"ReadAction\",\"target\":[\"https:\/\/schine.se\/hitta-aterforsaljare\/\"]}]},{\"@type\":\"BreadcrumbList\",\"@id\":\"https:\/\/schine.se\/hitta-aterforsaljare\/#breadcrumb\",\"itemListElement\":[{\"@type\":\"ListItem\",\"position\":1,\"name\":\"Home\",\"item\":\"https:\/\/schine.se\/\"},{\"@type\":\"ListItem\",\"position\":2,\"name\":\"Etsi j\u00e4lleenmyyj\u00e4\"}]},{\"@type\":\"WebSite\",\"@id\":\"https:\/\/schine.se\/#website\",\"url\":\"https:\/\/schine.se\/\",\"name\":\"Schine\",\"description\":\"Enklare hj\u00e4lpmedel som g\u00f6r skillnad\",\"potentialAction\":[{\"@type\":\"SearchAction\",\"target\":{\"@type\":\"EntryPoint\",\"urlTemplate\":\"https:\/\/schine.se\/?s={search_term_string}\"},\"query-input\":{\"@type\":\"PropertyValueSpecification\",\"valueRequired\":true,\"valueName\":\"search_term_string\"}}],\"inLanguage\":\"fi\"}]}<\/script>\n<!-- \/ Yoast SEO plugin. -->","yoast_head_json":{"title":"Etsi j\u00e4lleenmyyj\u00e4 - Schine Innovation","robots":{"index":"index","follow":"follow","max-snippet":"max-snippet:-1","max-image-preview":"max-image-preview:large","max-video-preview":"max-video-preview:-1"},"canonical":"https:\/\/schine.se\/hitta-aterforsaljare\/","og_locale":"fi_FI","og_type":"article","og_title":"Etsi j\u00e4lleenmyyj\u00e4 - Schine Innovation","og_description":"Schinen tuotteita myyd\u00e4\u00e4n apteekeissa ja hoitoalan tuotteiden toimittajien kautta. Klikkaa Suomessa toimivia tukkukauppiaita p\u00e4\u00e4st\u00e4ksesi niiden kotisivuille ja saadaksesi lis\u00e4tietoa. Kun haluat n\u00e4hd\u00e4 ruotsalaiset j\u00e4lleenmyyj\u00e4mme\u00a0klikkaa t\u00e4st\u00e4.Kun haluat n\u00e4hd\u00e4 kansainv\u00e4liset j\u00e4lleenmyyj\u00e4mme,\u00a0klikkaa t\u00e4st\u00e4.","og_url":"https:\/\/schine.se\/hitta-aterforsaljare\/","og_site_name":"Schine Innovation","article_modified_time":"2023-11-14T15:01:16+00:00","twitter_card":"summary_large_image","twitter_misc":{"Arvioitu lukuaika":"1 minuutti"},"schema":{"@context":"https:\/\/schema.org","@graph":[{"@type":"WebPage","@id":"https:\/\/schine.se\/hitta-aterforsaljare\/","url":"https:\/\/schine.se\/hitta-aterforsaljare\/","name":"Etsi j\u00e4lleenmyyj\u00e4 - Schine Innovation","isPartOf":{"@id":"https:\/\/schine.se\/#website"},"datePublished":"2018-10-19T07:37:42+00:00","dateModified":"2023-11-14T15:01:16+00:00","breadcrumb":{"@id":"https:\/\/schine.se\/hitta-aterforsaljare\/#breadcrumb"},"inLanguage":"fi","potentialAction":[{"@type":"ReadAction","target":["https:\/\/schine.se\/hitta-aterforsaljare\/"]}]},{"@type":"BreadcrumbList","@id":"https:\/\/schine.se\/hitta-aterforsaljare\/#breadcrumb","itemListElement":[{"@type":"ListItem","position":1,"name":"Home","item":"https:\/\/schine.se\/"},{"@type":"ListItem","position":2,"name":"Etsi j\u00e4lleenmyyj\u00e4"}]},{"@type":"WebSite","@id":"https:\/\/schine.se\/#website","url":"https:\/\/schine.se\/","name":"Schine","description":"Enklare hj\u00e4lpmedel som g\u00f6r skillnad","potentialAction":[{"@type":"SearchAction","target":{"@type":"EntryPoint","urlTemplate":"https:\/\/schine.se\/?s={search_term_string}"},"query-input":{"@type":"PropertyValueSpecification","valueRequired":true,"valueName":"search_term_string"}}],"inLanguage":"fi"}]}},"_links":{"self":[{"href":"https:\/\/schine.se\/fi\/wp-json\/wp\/v2\/pages\/2066"}],"collection":[{"href":"https:\/\/schine.se\/fi\/wp-json\/wp\/v2\/pages"}],"about":[{"href":"https:\/\/schine.se\/fi\/wp-json\/wp\/v2\/types\/page"}],"author":[{"embeddable":true,"href":"https:\/\/schine.se\/fi\/wp-json\/wp\/v2\/users\/1"}],"replies":[{"embeddable":true,"href":"https:\/\/schine.se\/fi\/wp-json\/wp\/v2\/comments?post=2066"}],"version-history":[{"count":16,"href":"https:\/\/schine.se\/fi\/wp-json\/wp\/v2\/pages\/2066\/revisions"}],"predecessor-version":[{"id":3792,"href":"https:\/\/schine.se\/fi\/wp-json\/wp\/v2\/pages\/2066\/revisions\/3792"}],"wp:attachment":[{"href":"https:\/\/schine.se\/fi\/wp-json\/wp\/v2\/media?parent=2066"}],"curies":[{"name":"wp","href":"https:\/\/api.w.org\/{rel}","templated":true}]}}