{"id":2234,"date":"2018-10-19T06:10:58","date_gmt":"2018-10-19T06:10:58","guid":{"rendered":"https:\/\/www.schine.se\/gdpr\/"},"modified":"2019-03-25T15:48:00","modified_gmt":"2019-03-25T14:48:00","slug":"asiakas-henkilotietokaytanto","status":"publish","type":"page","link":"https:\/\/schine.se\/fi\/asiakas-henkilotietokaytanto\/","title":{"rendered":"Asiakas-\/henkil\u00f6tietok\u00e4yt\u00e4nt\u00f6"},"content":{"rendered":"<p>T\u00e4ss\u00e4 kerromme siit\u00e4, miten k\u00e4sittelemme asiakas-\/henkil\u00f6tietojasi. Meille on t\u00e4rke\u00e4\u00e4, ett\u00e4 luotat meihin ja annat meid\u00e4n k\u00e4sitell\u00e4 ja tallentaa tietoja yrityksest\u00e4si\/sinusta, ja ett\u00e4 olet tietoinen siit\u00e4, ett\u00e4 me teemme sen laillisesti ja luotettavasti, ja huolehdimme siit\u00e4, ett\u00e4 luotat meihin ja ty\u00f6tapaamme.<\/p>\n<p>&nbsp;<\/p>\n<h3><strong>Schine Innovation \/ Milmas AB<\/strong><\/h3>\n<p>Schine Innovation on Milmas AB:n aputoiminimi (organisaationro 556596-9507) ja sen osoite on Stigaregatan 7B, 790 60 Falun, Sverige.<\/p>\n<p>Me kehit\u00e4mme ja myymme apuv\u00e4lineit\u00e4 etenkin tablettik\u00e4sittelyn helpottamiseksi.Asiakkaitamme ovat ennen kaikkea apteekit, apuv\u00e4linemyyj\u00e4t, hoitoalan tuotteiden toimittajat sek\u00e4 \u00e4lykk\u00e4iden, innovatiivisten tuotteiden myyj\u00e4t.<\/p>\n<h3><strong>Tausta<\/strong><\/h3>\n<p>K\u00e4sittelemme asiakastietoja ja henkil\u00f6tietoja ennen kaikkea t\u00e4ytt\u00e4\u00e4ksemme velvollisuutemme yhteisty\u00f6kumppaneitamme kohtaan. Tarkoituksemme ei ole k\u00e4sitell\u00e4 enemp\u00e4\u00e4 asiakas-\/henkil\u00f6tietoja kuin t\u00e4h\u00e4n tarkoitukseen on tarpeellista, ja pyrimme aina k\u00e4ytt\u00e4m\u00e4\u00e4n v\u00e4hiten arkaluonteisia tietoja.<\/p>\n<p>Tarvitsemme n\u00e4m\u00e4 tiedot voidaksemme tarjota hyv\u00e4\u00e4 palvelua, kun myymme, markkinoimme, teemme seurantaa ja jaamme tietoa. Saatamme my\u00f6s tarvita asiakas-\/henkil\u00f6tietojasi lakien noudattamiseksi sek\u00e4 tehd\u00e4ksemme asiakas- ja markkinointianalyysej\u00e4.<\/p>\n<p>Sinulla on oikeus vastustaa asiakas-\/henkil\u00f6tietojen k\u00e4ytt\u00f6\u00e4 suoramarkkinointiin. Kun ker\u00e4\u00e4mme asiakas-\/henkil\u00f6tietoja ensimm\u00e4ist\u00e4 kertaa, saat t\u00e4st\u00e4 lis\u00e4\u00e4 tietoa sek\u00e4 siit\u00e4, miten voit vastustaa sit\u00e4.<\/p>\n<p>Arvostamme, ett\u00e4 otat meihin yhteytt\u00e4. Kun teet sen jonkun viestint\u00e4kanavamme kautta, k\u00e4yt\u00e4mme sit\u00e4 viestint\u00e4\u00e4 ja saamiamme tietoja voidaksemme k\u00e4sitell\u00e4 asiasi, ottaaksemme sinuun yhteytt\u00e4 ja tietenkin parantaaksemme palveluamme. Tallennamme saamamme tiedot, jotta voimme vastata nopeasti, jos sinulla on my\u00f6hemmin kysytt\u00e4v\u00e4\u00e4. Kun vierailet jollain kotisivuillamme, hyv\u00e4ksyt ev\u00e4steet tietojesi k\u00e4sittelyyn.<\/p>\n<h3><strong>Normaalitapaus <\/strong><\/h3>\n<p>Normaalitapauksessa yritys on Schine Innovationin \/ Milmas AB:n asiakas. Kun solmit yhteisty\u00f6sopimuksen kanssamme, hyv\u00e4ksyt ehtomme ja sen, ett\u00e4 me saamme k\u00e4ytt\u00e4\u00e4 asiakastietoja\/henkil\u00f6tietoja t\u00e4ytt\u00e4\u00e4ksemme teht\u00e4v\u00e4mme.<\/p>\n<p>K\u00e4yt\u00e4mme ns. ev\u00e4steit\u00e4 turvataksemme tilastoinnin ja tiedot.<\/p>\n<h3><strong>Toimintalinjat<\/strong><\/h3>\n<p>K\u00e4sittelemme asiakas-\/henkil\u00f6tietoja ainoastaan voimassa olevien tietosuojalakien ja sis\u00e4isten toimintaohjeidemme ja k\u00e4yt\u00e4nt\u00f6jemme mukaisesti. Emme k\u00e4sittele asiakas-\/henkil\u00f6tietoja muulloin kuin silloin, kun se on esimerkiksi sopimusten ja lakien mukaisten velvoitteiden t\u00e4ytt\u00e4miseksi tarpeellista. T\u00e4ss\u00e4 esimerkkej\u00e4 Schine Innovationin\/Milmas AB:n asiakkaiden asiakas-\/henkil\u00f6tiedoista, joita me k\u00e4sittelemme.<\/p>\n<p>&nbsp;<\/p>\n<ul>\n<li>Yrityksen nimi\/Nimi<\/li>\n<li>Yhteyshenkil\u00f6<\/li>\n<li>Osoite<\/li>\n<li>S\u00e4hk\u00f6postiosoite<\/li>\n<li>Puhelinnumero<\/li>\n<li>Faksinumero<\/li>\n<li>Y-tunnus<\/li>\n<li>Maksukortti, luottokortin numero ja\/tai muut pankkiin liittyv\u00e4t tiedot<\/li>\n<li>Tiedot, jotka annoit pyyt\u00e4m\u00e4tt\u00e4 sek\u00e4 vapaaehtoiset tiedot<\/li>\n<li>Sis\u00e4lt\u00f6, jonka olet itse julkaissut, niin kutsuttu k\u00e4ytt\u00e4j\u00e4n tuottama sis\u00e4lt\u00f6.<\/li>\n<\/ul>\n<p>&nbsp;<\/p>\n<h3><strong>Miten saamme asiakas-\/henkil\u00f6tietosi k\u00e4ytt\u00f6\u00f6mme?<\/strong><\/h3>\n<p>Pyrimme saamaan suostumuksen ennen kuin alamme k\u00e4sitell\u00e4 asiakas-\/henkil\u00f6tietoja. Samalla kun solmimme yhteisty\u00f6sopimuksen, hyv\u00e4ksyt yleiset ehtomme. Kun hyv\u00e4ksyt yleiset ehtomme, annat my\u00f6s suostumuksen sille, ett\u00e4 me k\u00e4sittelemme asiakas-\/henkil\u00f6tietojasi.<\/p>\n<p>Sinulla on milloin tahansa oikeus perua suostumuksesi. Sen j\u00e4lkeen emme k\u00e4sittele asiakas-\/henkil\u00f6tietojasi tai etsi uusia edellytt\u00e4en ett\u00e4 emme tarvitse niit\u00e4 t\u00e4ytt\u00e4\u00e4ksemme sopimuksen tai lain edellytt\u00e4mi\u00e4 velvollisuuksia. Muista, ett\u00e4 suostumuksen peruttaminen voi tarkoittaa, ett\u00e4 me emme voi t\u00e4ytt\u00e4\u00e4 velvollisuuksiamme sinua kohtaan. P\u00e4\u00e4semme asiakas-\/henkil\u00f6tietoihisi seuraavalla tavalla:<\/p>\n<ul>\n<li>Tiedot, jotka annat meille suoraan<\/li>\n<li>Tiedot, jotka saamme julkisista rekistereist\u00e4<\/li>\n<li>Tiedot, jotka saamme, kun tilaat uutiskirjeen tai muita l\u00e4hetyksi\u00e4<\/li>\n<li>Tiedot, jotka saamme, kun vastaat kyselyihin tai tutkimuksiin<\/li>\n<li>Tiedot, jotka saamme, kun olet osallistunut keskusteluun sosiaalisen median kanavissamme<\/li>\n<li>Tiedot, jotka saamme, kun otat meihin yhteytt\u00e4, k\u00e4yt luonamme tai kun olet muulla tavoin meihin yhteydess\u00e4.<\/li>\n<\/ul>\n<p>&nbsp;<\/p>\n<h3><strong>K\u00e4sitell\u00e4\u00e4nk\u00f6 henkil\u00f6tietojasi turvallisesti?<\/strong><\/h3>\n<p>Luomme rutiineja ja ty\u00f6tapoja voidaksemme k\u00e4sitell\u00e4 asiakas-\/henkil\u00f6tietoja turvallisesti. L\u00e4ht\u00f6kohtana on, ett\u00e4 tietoihin p\u00e4\u00e4sev\u00e4t k\u00e4siksi ainoastaan ne yrityksemme henkil\u00f6t, jotka tarvitsevat asiakas-\/henkil\u00f6tietoja tehd\u00e4kseen ty\u00f6ns\u00e4.<\/p>\n<p>IT-turvaj\u00e4rjestelm\u00e4mme on kehitetty suojaamaan tunkeutumiselta, h\u00e4irinn\u00e4lt\u00e4 sek\u00e4 muilta muutoksilta, jotka voivat muodostaa riskin yksityisyydellesi. Emme siirr\u00e4 henkil\u00f6tietoja muulla kuin t\u00e4ss\u00e4 k\u00e4yt\u00e4nn\u00f6ss\u00e4 kertomallamme tavalla.<\/p>\n<p>Emme luovuta asiakas-\/henkil\u00f6tietoja kolmannelle osapuolelle, jos et ole antanut siihen suostumustasi tai jos se ei ole tarpeellista t\u00e4ytt\u00e4\u00e4ksemme sopimuksen tai lain asettamat vaatimukset.<\/p>\n<h3><strong>Miten perun suostumukseni tai saan tietoa minusta ker\u00e4tyist\u00e4 tiedoista?<\/strong><\/h3>\n<p>Voit kirjeitse, s\u00e4hk\u00f6postitse tai puhelimitse aina pyyt\u00e4\u00e4 tietoa siit\u00e4, mit\u00e4 sinusta\/yrityksest\u00e4si on kirjattu rekisteriimme. Voit samalla tavalla peruuttaa suostumuksesi siihen, ett\u00e4 k\u00e4yt\u00e4mme asiakas-\/henkil\u00f6tietojasi muissa kuin yll\u00e4 mainituissa tapauksissa. Toimitamme sinulle tiedot seitsem\u00e4n p\u00e4iv\u00e4n kuluessa.<\/p>\n<p>&nbsp;<\/p>\n<h3><strong>Vastuu<\/strong><\/h3>\n<p>Schine Innovation \/ Milmas AB on asiakas-\/henkil\u00f6tietovastaava, mik\u00e4 tarkoittaa, ett\u00e4 me vastaamme siit\u00e4, miten tietoja k\u00e4sitell\u00e4\u00e4n ja ett\u00e4 sinun oikeuksistasi pidet\u00e4\u00e4n huolta.<\/p>\n<p>&nbsp;<\/p>\n","protected":false},"excerpt":{"rendered":"<p>T\u00e4ss\u00e4 kerromme siit\u00e4, miten k\u00e4sittelemme asiakas-\/henkil\u00f6tietojasi. Meille on t\u00e4rke\u00e4\u00e4, ett\u00e4 luotat meihin ja annat meid\u00e4n k\u00e4sitell\u00e4 ja tallentaa tietoja yrityksest\u00e4si\/sinusta, ja ett\u00e4 olet tietoinen siit\u00e4, ett\u00e4 me teemme sen laillisesti ja luotettavasti, ja huolehdimme siit\u00e4, ett\u00e4 luotat meihin ja ty\u00f6tapaamme. &nbsp; Schine Innovation \/ Milmas AB Schine Innovation on Milmas AB:n aputoiminimi (organisaationro 556596-9507) ja [&hellip;]<\/p>\n","protected":false},"author":1,"featured_media":0,"parent":0,"menu_order":0,"comment_status":"closed","ping_status":"open","template":"","meta":{"footnotes":""},"class_list":["post-2234","page","type-page","status-publish","hentry"],"acf":[],"yoast_head":"<!-- This site is optimized with the Yoast SEO plugin v24.6 - https:\/\/yoast.com\/wordpress\/plugins\/seo\/ -->\n<title>Asiakas-\/henkil\u00f6tietok\u00e4yt\u00e4nt\u00f6 - Schine Innovation<\/title>\n<meta name=\"robots\" content=\"index, follow, max-snippet:-1, max-image-preview:large, max-video-preview:-1\" \/>\n<link rel=\"canonical\" href=\"https:\/\/schine.se\/gdpr\/\" \/>\n<meta property=\"og:locale\" content=\"fi_FI\" \/>\n<meta property=\"og:type\" content=\"article\" \/>\n<meta property=\"og:title\" content=\"Asiakas-\/henkil\u00f6tietok\u00e4yt\u00e4nt\u00f6 - Schine Innovation\" \/>\n<meta property=\"og:description\" content=\"T\u00e4ss\u00e4 kerromme siit\u00e4, miten k\u00e4sittelemme asiakas-\/henkil\u00f6tietojasi. Meille on t\u00e4rke\u00e4\u00e4, ett\u00e4 luotat meihin ja annat meid\u00e4n k\u00e4sitell\u00e4 ja tallentaa tietoja yrityksest\u00e4si\/sinusta, ja ett\u00e4 olet tietoinen siit\u00e4, ett\u00e4 me teemme sen laillisesti ja luotettavasti, ja huolehdimme siit\u00e4, ett\u00e4 luotat meihin ja ty\u00f6tapaamme. &nbsp; Schine Innovation \/ Milmas AB Schine Innovation on Milmas AB:n aputoiminimi (organisaationro 556596-9507) ja [&hellip;]\" \/>\n<meta property=\"og:url\" content=\"https:\/\/schine.se\/gdpr\/\" \/>\n<meta property=\"og:site_name\" content=\"Schine Innovation\" \/>\n<meta property=\"article:modified_time\" content=\"2019-03-25T14:48:00+00:00\" \/>\n<meta name=\"twitter:card\" content=\"summary_large_image\" \/>\n<meta name=\"twitter:label1\" content=\"Arvioitu lukuaika\" \/>\n\t<meta name=\"twitter:data1\" content=\"4 minuuttia\" \/>\n<script type=\"application\/ld+json\" class=\"yoast-schema-graph\">{\"@context\":\"https:\/\/schema.org\",\"@graph\":[{\"@type\":\"WebPage\",\"@id\":\"https:\/\/schine.se\/gdpr\/\",\"url\":\"https:\/\/schine.se\/gdpr\/\",\"name\":\"Asiakas-\/henkil\u00f6tietok\u00e4yt\u00e4nt\u00f6 - Schine Innovation\",\"isPartOf\":{\"@id\":\"https:\/\/schine.se\/#website\"},\"datePublished\":\"2018-10-19T06:10:58+00:00\",\"dateModified\":\"2019-03-25T14:48:00+00:00\",\"breadcrumb\":{\"@id\":\"https:\/\/schine.se\/gdpr\/#breadcrumb\"},\"inLanguage\":\"fi\",\"potentialAction\":[{\"@type\":\"ReadAction\",\"target\":[\"https:\/\/schine.se\/gdpr\/\"]}]},{\"@type\":\"BreadcrumbList\",\"@id\":\"https:\/\/schine.se\/gdpr\/#breadcrumb\",\"itemListElement\":[{\"@type\":\"ListItem\",\"position\":1,\"name\":\"Home\",\"item\":\"https:\/\/schine.se\/\"},{\"@type\":\"ListItem\",\"position\":2,\"name\":\"Asiakas-\/henkil\u00f6tietok\u00e4yt\u00e4nt\u00f6\"}]},{\"@type\":\"WebSite\",\"@id\":\"https:\/\/schine.se\/#website\",\"url\":\"https:\/\/schine.se\/\",\"name\":\"Schine\",\"description\":\"Enklare hj\u00e4lpmedel som g\u00f6r skillnad\",\"potentialAction\":[{\"@type\":\"SearchAction\",\"target\":{\"@type\":\"EntryPoint\",\"urlTemplate\":\"https:\/\/schine.se\/?s={search_term_string}\"},\"query-input\":{\"@type\":\"PropertyValueSpecification\",\"valueRequired\":true,\"valueName\":\"search_term_string\"}}],\"inLanguage\":\"fi\"}]}<\/script>\n<!-- \/ Yoast SEO plugin. -->","yoast_head_json":{"title":"Asiakas-\/henkil\u00f6tietok\u00e4yt\u00e4nt\u00f6 - Schine Innovation","robots":{"index":"index","follow":"follow","max-snippet":"max-snippet:-1","max-image-preview":"max-image-preview:large","max-video-preview":"max-video-preview:-1"},"canonical":"https:\/\/schine.se\/gdpr\/","og_locale":"fi_FI","og_type":"article","og_title":"Asiakas-\/henkil\u00f6tietok\u00e4yt\u00e4nt\u00f6 - Schine Innovation","og_description":"T\u00e4ss\u00e4 kerromme siit\u00e4, miten k\u00e4sittelemme asiakas-\/henkil\u00f6tietojasi. Meille on t\u00e4rke\u00e4\u00e4, ett\u00e4 luotat meihin ja annat meid\u00e4n k\u00e4sitell\u00e4 ja tallentaa tietoja yrityksest\u00e4si\/sinusta, ja ett\u00e4 olet tietoinen siit\u00e4, ett\u00e4 me teemme sen laillisesti ja luotettavasti, ja huolehdimme siit\u00e4, ett\u00e4 luotat meihin ja ty\u00f6tapaamme. &nbsp; Schine Innovation \/ Milmas AB Schine Innovation on Milmas AB:n aputoiminimi (organisaationro 556596-9507) ja [&hellip;]","og_url":"https:\/\/schine.se\/gdpr\/","og_site_name":"Schine Innovation","article_modified_time":"2019-03-25T14:48:00+00:00","twitter_card":"summary_large_image","twitter_misc":{"Arvioitu lukuaika":"4 minuuttia"},"schema":{"@context":"https:\/\/schema.org","@graph":[{"@type":"WebPage","@id":"https:\/\/schine.se\/gdpr\/","url":"https:\/\/schine.se\/gdpr\/","name":"Asiakas-\/henkil\u00f6tietok\u00e4yt\u00e4nt\u00f6 - Schine Innovation","isPartOf":{"@id":"https:\/\/schine.se\/#website"},"datePublished":"2018-10-19T06:10:58+00:00","dateModified":"2019-03-25T14:48:00+00:00","breadcrumb":{"@id":"https:\/\/schine.se\/gdpr\/#breadcrumb"},"inLanguage":"fi","potentialAction":[{"@type":"ReadAction","target":["https:\/\/schine.se\/gdpr\/"]}]},{"@type":"BreadcrumbList","@id":"https:\/\/schine.se\/gdpr\/#breadcrumb","itemListElement":[{"@type":"ListItem","position":1,"name":"Home","item":"https:\/\/schine.se\/"},{"@type":"ListItem","position":2,"name":"Asiakas-\/henkil\u00f6tietok\u00e4yt\u00e4nt\u00f6"}]},{"@type":"WebSite","@id":"https:\/\/schine.se\/#website","url":"https:\/\/schine.se\/","name":"Schine","description":"Enklare hj\u00e4lpmedel som g\u00f6r skillnad","potentialAction":[{"@type":"SearchAction","target":{"@type":"EntryPoint","urlTemplate":"https:\/\/schine.se\/?s={search_term_string}"},"query-input":{"@type":"PropertyValueSpecification","valueRequired":true,"valueName":"search_term_string"}}],"inLanguage":"fi"}]}},"_links":{"self":[{"href":"https:\/\/schine.se\/fi\/wp-json\/wp\/v2\/pages\/2234"}],"collection":[{"href":"https:\/\/schine.se\/fi\/wp-json\/wp\/v2\/pages"}],"about":[{"href":"https:\/\/schine.se\/fi\/wp-json\/wp\/v2\/types\/page"}],"author":[{"embeddable":true,"href":"https:\/\/schine.se\/fi\/wp-json\/wp\/v2\/users\/1"}],"replies":[{"embeddable":true,"href":"https:\/\/schine.se\/fi\/wp-json\/wp\/v2\/comments?post=2234"}],"version-history":[{"count":5,"href":"https:\/\/schine.se\/fi\/wp-json\/wp\/v2\/pages\/2234\/revisions"}],"predecessor-version":[{"id":2240,"href":"https:\/\/schine.se\/fi\/wp-json\/wp\/v2\/pages\/2234\/revisions\/2240"}],"wp:attachment":[{"href":"https:\/\/schine.se\/fi\/wp-json\/wp\/v2\/media?parent=2234"}],"curies":[{"name":"wp","href":"https:\/\/api.w.org\/{rel}","templated":true}]}}