{"id":980,"date":"2018-11-02T07:42:12","date_gmt":"2018-11-02T07:42:12","guid":{"rendered":"http:\/\/schine.panang.nu\/om-schine\/"},"modified":"2025-06-12T13:39:06","modified_gmt":"2025-06-12T11:39:06","slug":"schine","status":"publish","type":"page","link":"https:\/\/schine.se\/fi\/schine\/","title":{"rendered":"Schine"},"content":{"rendered":"\n<p><strong>Schine Innovation<\/strong>&nbsp;on perheyritys joka sijaitsee Falunissa, Ruotsissa. Vuosien mittaan olemme kehitt\u00e4neet, valmistaneet ja myyneet valikoimaa innovatiivisia tuotteita l\u00e4hinn\u00e4 henkil\u00f6kohtaisen suojauksen alueelta. Korkea laatu tuotannosta asiakkaan kokemukseen asti on meille t\u00e4rke\u00e4\u00e4. Teemme yhteisty\u00f6t\u00e4 ammattimaisten ISO-sertifioitujen ymp\u00e4rist\u00f6tietoisten tavarantoimittajien kanssa.<\/p>\n\n\n<p><img loading=\"lazy\" decoding=\"async\" class=\"alignright wp-image-605\" src=\"https:\/\/www.schine.se\/wp-content\/uploads\/2018\/12\/MadeInSweden_Color-300x300.jpg\" alt=\"\" width=\"150\" height=\"150\" srcset=\"https:\/\/schine.se\/wp-content\/uploads\/2018\/12\/MadeInSweden_Color-300x300.jpg 300w, https:\/\/schine.se\/wp-content\/uploads\/2018\/12\/MadeInSweden_Color-300x300-285x285.jpg 285w, https:\/\/schine.se\/wp-content\/uploads\/2018\/12\/MadeInSweden_Color-300x300-110x110.jpg 110w, https:\/\/schine.se\/wp-content\/uploads\/2018\/12\/MadeInSweden_Color-300x300-80x80.jpg 80w, https:\/\/schine.se\/wp-content\/uploads\/2018\/12\/MadeInSweden_Color-300x300-150x150.jpg 150w, https:\/\/schine.se\/wp-content\/uploads\/2018\/12\/MadeInSweden_Color-300x300-60x60.jpg 60w, https:\/\/schine.se\/wp-content\/uploads\/2018\/12\/MadeInSweden_Color-300x300-115x115.jpg 115w, https:\/\/schine.se\/wp-content\/uploads\/2018\/12\/MadeInSweden_Color-300x300-108x108.jpg 108w, https:\/\/schine.se\/wp-content\/uploads\/2018\/12\/MadeInSweden_Color-300x300-155x155.jpg 155w, https:\/\/schine.se\/wp-content\/uploads\/2018\/12\/MadeInSweden_Color-300x300-120x120.jpg 120w, https:\/\/schine.se\/wp-content\/uploads\/2018\/12\/MadeInSweden_Color-300x300-230x230.jpg 230w, https:\/\/schine.se\/wp-content\/uploads\/2018\/12\/MadeInSweden_Color-300x300-200x200.jpg 200w, https:\/\/schine.se\/wp-content\/uploads\/2018\/12\/MadeInSweden_Color-300x300-160x160.jpg 160w, https:\/\/schine.se\/wp-content\/uploads\/2018\/12\/MadeInSweden_Color-300x300-138x138.jpg 138w, https:\/\/schine.se\/wp-content\/uploads\/2018\/12\/MadeInSweden_Color-300x300-276x276.jpg 276w, https:\/\/schine.se\/wp-content\/uploads\/2018\/12\/MadeInSweden_Color-300x300-130x130.jpg 130w, https:\/\/schine.se\/wp-content\/uploads\/2018\/12\/MadeInSweden_Color-300x300-260x260.jpg 260w, https:\/\/schine.se\/wp-content\/uploads\/2018\/12\/MadeInSweden_Color-300x300-271x271.jpg 271w, https:\/\/schine.se\/wp-content\/uploads\/2018\/12\/MadeInSweden_Color-300x300-220x220.jpg 220w, https:\/\/schine.se\/wp-content\/uploads\/2018\/12\/MadeInSweden_Color-300x300-255x255.jpg 255w\" sizes=\"(max-width: 150px) 100vw, 150px\" \/><\/p>\n<h3>Mit\u00e4 me teemme?<\/h3>\n<p>Uudet tuotteemme ovat suunniteltu helpottamaan l\u00e4\u00e4kityksen annostelua ja k\u00e4sittely\u00e4 sek\u00e4 koti- ett\u00e4 ammattik\u00e4yt\u00f6ss\u00e4. Tuotteemme ovat laadukkaasti valmistettuja ja ergonomisia saavuttaakseen korkeat standardit.<\/p>","protected":false},"excerpt":{"rendered":"<p>Schine Innovation&nbsp;on perheyritys joka sijaitsee Falunissa, Ruotsissa. Vuosien mittaan olemme kehitt\u00e4neet, valmistaneet ja myyneet valikoimaa innovatiivisia tuotteita l\u00e4hinn\u00e4 henkil\u00f6kohtaisen suojauksen alueelta. Korkea laatu tuotannosta asiakkaan kokemukseen asti on meille t\u00e4rke\u00e4\u00e4. Teemme yhteisty\u00f6t\u00e4 ammattimaisten ISO-sertifioitujen ymp\u00e4rist\u00f6tietoisten tavarantoimittajien kanssa. Mit\u00e4 me teemme? Uudet tuotteemme ovat suunniteltu helpottamaan l\u00e4\u00e4kityksen annostelua ja k\u00e4sittely\u00e4 sek\u00e4 koti- ett\u00e4 ammattik\u00e4yt\u00f6ss\u00e4. Tuotteemme ovat [&hellip;]<\/p>\n","protected":false},"author":1,"featured_media":5449,"parent":0,"menu_order":0,"comment_status":"closed","ping_status":"closed","template":"","meta":{"footnotes":""},"class_list":["post-980","page","type-page","status-publish","has-post-thumbnail","hentry"],"acf":[],"yoast_head":"<!-- This site is optimized with the Yoast SEO plugin v24.6 - https:\/\/yoast.com\/wordpress\/plugins\/seo\/ -->\n<title>Schine - Schine Innovation<\/title>\n<meta name=\"robots\" content=\"index, follow, max-snippet:-1, max-image-preview:large, max-video-preview:-1\" \/>\n<link rel=\"canonical\" href=\"https:\/\/schine.se\/fi\/schine\/\" \/>\n<meta property=\"og:locale\" content=\"fi_FI\" \/>\n<meta property=\"og:type\" content=\"article\" \/>\n<meta property=\"og:title\" content=\"Schine - Schine Innovation\" \/>\n<meta property=\"og:description\" content=\"Schine Innovation&nbsp;on perheyritys joka sijaitsee Falunissa, Ruotsissa. Vuosien mittaan olemme kehitt\u00e4neet, valmistaneet ja myyneet valikoimaa innovatiivisia tuotteita l\u00e4hinn\u00e4 henkil\u00f6kohtaisen suojauksen alueelta. Korkea laatu tuotannosta asiakkaan kokemukseen asti on meille t\u00e4rke\u00e4\u00e4. Teemme yhteisty\u00f6t\u00e4 ammattimaisten ISO-sertifioitujen ymp\u00e4rist\u00f6tietoisten tavarantoimittajien kanssa. Mit\u00e4 me teemme? Uudet tuotteemme ovat suunniteltu helpottamaan l\u00e4\u00e4kityksen annostelua ja k\u00e4sittely\u00e4 sek\u00e4 koti- ett\u00e4 ammattik\u00e4yt\u00f6ss\u00e4. Tuotteemme ovat [&hellip;]\" \/>\n<meta property=\"og:url\" content=\"https:\/\/schine.se\/fi\/schine\/\" \/>\n<meta property=\"og:site_name\" content=\"Schine Innovation\" \/>\n<meta property=\"article:modified_time\" content=\"2025-06-12T11:39:06+00:00\" \/>\n<meta property=\"og:image\" content=\"https:\/\/schine.se\/wp-content\/uploads\/2024\/04\/dalahaest-box.png\" \/>\n\t<meta property=\"og:image:width\" content=\"2079\" \/>\n\t<meta property=\"og:image:height\" content=\"369\" \/>\n\t<meta property=\"og:image:type\" content=\"image\/png\" \/>\n<meta name=\"twitter:card\" content=\"summary_large_image\" \/>\n<meta name=\"twitter:label1\" content=\"Arvioitu lukuaika\" \/>\n\t<meta name=\"twitter:data1\" content=\"5 minuuttia\" \/>\n<script type=\"application\/ld+json\" class=\"yoast-schema-graph\">{\"@context\":\"https:\/\/schema.org\",\"@graph\":[{\"@type\":\"WebPage\",\"@id\":\"https:\/\/schine.se\/fi\/schine\/\",\"url\":\"https:\/\/schine.se\/fi\/schine\/\",\"name\":\"Schine - Schine Innovation\",\"isPartOf\":{\"@id\":\"https:\/\/schine.se\/#website\"},\"primaryImageOfPage\":{\"@id\":\"https:\/\/schine.se\/fi\/schine\/#primaryimage\"},\"image\":{\"@id\":\"https:\/\/schine.se\/fi\/schine\/#primaryimage\"},\"thumbnailUrl\":\"https:\/\/schine.se\/wp-content\/uploads\/2024\/04\/dalahaest-box.png\",\"datePublished\":\"2018-11-02T07:42:12+00:00\",\"dateModified\":\"2025-06-12T11:39:06+00:00\",\"breadcrumb\":{\"@id\":\"https:\/\/schine.se\/fi\/schine\/#breadcrumb\"},\"inLanguage\":\"fi\",\"potentialAction\":[{\"@type\":\"ReadAction\",\"target\":[\"https:\/\/schine.se\/fi\/schine\/\"]}]},{\"@type\":\"ImageObject\",\"inLanguage\":\"fi\",\"@id\":\"https:\/\/schine.se\/fi\/schine\/#primaryimage\",\"url\":\"https:\/\/schine.se\/wp-content\/uploads\/2024\/04\/dalahaest-box.png\",\"contentUrl\":\"https:\/\/schine.se\/wp-content\/uploads\/2024\/04\/dalahaest-box.png\",\"width\":2079,\"height\":369},{\"@type\":\"BreadcrumbList\",\"@id\":\"https:\/\/schine.se\/fi\/schine\/#breadcrumb\",\"itemListElement\":[{\"@type\":\"ListItem\",\"position\":1,\"name\":\"Home\",\"item\":\"https:\/\/schine.se\/\"},{\"@type\":\"ListItem\",\"position\":2,\"name\":\"Schine\"}]},{\"@type\":\"WebSite\",\"@id\":\"https:\/\/schine.se\/#website\",\"url\":\"https:\/\/schine.se\/\",\"name\":\"Schine\",\"description\":\"Enklare hj\u00e4lpmedel som g\u00f6r skillnad\",\"potentialAction\":[{\"@type\":\"SearchAction\",\"target\":{\"@type\":\"EntryPoint\",\"urlTemplate\":\"https:\/\/schine.se\/?s={search_term_string}\"},\"query-input\":{\"@type\":\"PropertyValueSpecification\",\"valueRequired\":true,\"valueName\":\"search_term_string\"}}],\"inLanguage\":\"fi\"}]}<\/script>\n<!-- \/ Yoast SEO plugin. -->","yoast_head_json":{"title":"Schine - Schine Innovation","robots":{"index":"index","follow":"follow","max-snippet":"max-snippet:-1","max-image-preview":"max-image-preview:large","max-video-preview":"max-video-preview:-1"},"canonical":"https:\/\/schine.se\/fi\/schine\/","og_locale":"fi_FI","og_type":"article","og_title":"Schine - Schine Innovation","og_description":"Schine Innovation&nbsp;on perheyritys joka sijaitsee Falunissa, Ruotsissa. Vuosien mittaan olemme kehitt\u00e4neet, valmistaneet ja myyneet valikoimaa innovatiivisia tuotteita l\u00e4hinn\u00e4 henkil\u00f6kohtaisen suojauksen alueelta. Korkea laatu tuotannosta asiakkaan kokemukseen asti on meille t\u00e4rke\u00e4\u00e4. Teemme yhteisty\u00f6t\u00e4 ammattimaisten ISO-sertifioitujen ymp\u00e4rist\u00f6tietoisten tavarantoimittajien kanssa. Mit\u00e4 me teemme? Uudet tuotteemme ovat suunniteltu helpottamaan l\u00e4\u00e4kityksen annostelua ja k\u00e4sittely\u00e4 sek\u00e4 koti- ett\u00e4 ammattik\u00e4yt\u00f6ss\u00e4. Tuotteemme ovat [&hellip;]","og_url":"https:\/\/schine.se\/fi\/schine\/","og_site_name":"Schine Innovation","article_modified_time":"2025-06-12T11:39:06+00:00","og_image":[{"width":2079,"height":369,"url":"https:\/\/schine.se\/wp-content\/uploads\/2024\/04\/dalahaest-box.png","type":"image\/png"}],"twitter_card":"summary_large_image","twitter_misc":{"Arvioitu lukuaika":"5 minuuttia"},"schema":{"@context":"https:\/\/schema.org","@graph":[{"@type":"WebPage","@id":"https:\/\/schine.se\/fi\/schine\/","url":"https:\/\/schine.se\/fi\/schine\/","name":"Schine - Schine Innovation","isPartOf":{"@id":"https:\/\/schine.se\/#website"},"primaryImageOfPage":{"@id":"https:\/\/schine.se\/fi\/schine\/#primaryimage"},"image":{"@id":"https:\/\/schine.se\/fi\/schine\/#primaryimage"},"thumbnailUrl":"https:\/\/schine.se\/wp-content\/uploads\/2024\/04\/dalahaest-box.png","datePublished":"2018-11-02T07:42:12+00:00","dateModified":"2025-06-12T11:39:06+00:00","breadcrumb":{"@id":"https:\/\/schine.se\/fi\/schine\/#breadcrumb"},"inLanguage":"fi","potentialAction":[{"@type":"ReadAction","target":["https:\/\/schine.se\/fi\/schine\/"]}]},{"@type":"ImageObject","inLanguage":"fi","@id":"https:\/\/schine.se\/fi\/schine\/#primaryimage","url":"https:\/\/schine.se\/wp-content\/uploads\/2024\/04\/dalahaest-box.png","contentUrl":"https:\/\/schine.se\/wp-content\/uploads\/2024\/04\/dalahaest-box.png","width":2079,"height":369},{"@type":"BreadcrumbList","@id":"https:\/\/schine.se\/fi\/schine\/#breadcrumb","itemListElement":[{"@type":"ListItem","position":1,"name":"Home","item":"https:\/\/schine.se\/"},{"@type":"ListItem","position":2,"name":"Schine"}]},{"@type":"WebSite","@id":"https:\/\/schine.se\/#website","url":"https:\/\/schine.se\/","name":"Schine","description":"Enklare hj\u00e4lpmedel som g\u00f6r skillnad","potentialAction":[{"@type":"SearchAction","target":{"@type":"EntryPoint","urlTemplate":"https:\/\/schine.se\/?s={search_term_string}"},"query-input":{"@type":"PropertyValueSpecification","valueRequired":true,"valueName":"search_term_string"}}],"inLanguage":"fi"}]}},"_links":{"self":[{"href":"https:\/\/schine.se\/fi\/wp-json\/wp\/v2\/pages\/980"}],"collection":[{"href":"https:\/\/schine.se\/fi\/wp-json\/wp\/v2\/pages"}],"about":[{"href":"https:\/\/schine.se\/fi\/wp-json\/wp\/v2\/types\/page"}],"author":[{"embeddable":true,"href":"https:\/\/schine.se\/fi\/wp-json\/wp\/v2\/users\/1"}],"replies":[{"embeddable":true,"href":"https:\/\/schine.se\/fi\/wp-json\/wp\/v2\/comments?post=980"}],"version-history":[{"count":20,"href":"https:\/\/schine.se\/fi\/wp-json\/wp\/v2\/pages\/980\/revisions"}],"predecessor-version":[{"id":6615,"href":"https:\/\/schine.se\/fi\/wp-json\/wp\/v2\/pages\/980\/revisions\/6615"}],"wp:featuredmedia":[{"embeddable":true,"href":"https:\/\/schine.se\/fi\/wp-json\/wp\/v2\/media\/5449"}],"wp:attachment":[{"href":"https:\/\/schine.se\/fi\/wp-json\/wp\/v2\/media?parent=980"}],"curies":[{"name":"wp","href":"https:\/\/api.w.org\/{rel}","templated":true}]}}