{"id":994,"date":"2018-10-19T07:37:07","date_gmt":"2018-10-19T07:37:07","guid":{"rendered":"http:\/\/schine.panang.nu\/vara-produkter\/"},"modified":"2024-03-18T21:05:16","modified_gmt":"2024-03-18T20:05:16","slug":"tuotteet","status":"publish","type":"page","link":"https:\/\/schine.se\/fi\/tuotteet\/","title":{"rendered":"Tuotteet"},"content":{"rendered":"","protected":false},"excerpt":{"rendered":"","protected":false},"author":1,"featured_media":4456,"parent":0,"menu_order":0,"comment_status":"closed","ping_status":"closed","template":"","meta":{"footnotes":""},"class_list":["post-994","page","type-page","status-publish","has-post-thumbnail","hentry"],"acf":[],"yoast_head":"<!-- This site is optimized with the Yoast SEO plugin v24.6 - https:\/\/yoast.com\/wordpress\/plugins\/seo\/ -->\n<title>Tuotteet - Schine Innovation<\/title>\n<meta name=\"robots\" content=\"index, follow, max-snippet:-1, max-image-preview:large, max-video-preview:-1\" \/>\n<link rel=\"canonical\" href=\"https:\/\/schine.se\/vara-produkter\/\" \/>\n<meta property=\"og:locale\" content=\"fi_FI\" \/>\n<meta property=\"og:type\" content=\"article\" \/>\n<meta property=\"og:title\" content=\"Tuotteet - Schine Innovation\" \/>\n<meta property=\"og:url\" content=\"https:\/\/schine.se\/vara-produkter\/\" \/>\n<meta property=\"og:site_name\" content=\"Schine Innovation\" \/>\n<meta property=\"article:modified_time\" content=\"2024-03-18T20:05:16+00:00\" \/>\n<meta property=\"og:image\" content=\"https:\/\/schine.se\/wp-content\/uploads\/2024\/03\/skarmavbild-2024-03-11-kl-155729.png\" \/>\n\t<meta property=\"og:image:width\" content=\"2080\" \/>\n\t<meta property=\"og:image:height\" content=\"369\" \/>\n\t<meta property=\"og:image:type\" content=\"image\/png\" \/>\n<meta name=\"twitter:card\" content=\"summary_large_image\" \/>\n<script type=\"application\/ld+json\" class=\"yoast-schema-graph\">{\"@context\":\"https:\/\/schema.org\",\"@graph\":[{\"@type\":\"WebPage\",\"@id\":\"https:\/\/schine.se\/vara-produkter\/\",\"url\":\"https:\/\/schine.se\/vara-produkter\/\",\"name\":\"Tuotteet - Schine Innovation\",\"isPartOf\":{\"@id\":\"https:\/\/schine.se\/#website\"},\"primaryImageOfPage\":{\"@id\":\"https:\/\/schine.se\/vara-produkter\/#primaryimage\"},\"image\":{\"@id\":\"https:\/\/schine.se\/vara-produkter\/#primaryimage\"},\"thumbnailUrl\":\"https:\/\/schine.se\/wp-content\/uploads\/2024\/03\/skarmavbild-2024-03-11-kl-155729.png\",\"datePublished\":\"2018-10-19T07:37:07+00:00\",\"dateModified\":\"2024-03-18T20:05:16+00:00\",\"breadcrumb\":{\"@id\":\"https:\/\/schine.se\/vara-produkter\/#breadcrumb\"},\"inLanguage\":\"fi\",\"potentialAction\":[{\"@type\":\"ReadAction\",\"target\":[\"https:\/\/schine.se\/vara-produkter\/\"]}]},{\"@type\":\"ImageObject\",\"inLanguage\":\"fi\",\"@id\":\"https:\/\/schine.se\/vara-produkter\/#primaryimage\",\"url\":\"https:\/\/schine.se\/wp-content\/uploads\/2024\/03\/skarmavbild-2024-03-11-kl-155729.png\",\"contentUrl\":\"https:\/\/schine.se\/wp-content\/uploads\/2024\/03\/skarmavbild-2024-03-11-kl-155729.png\",\"width\":2080,\"height\":369,\"caption\":\"Schine Walk d\u00e4mpare st\u00e5r lutad mot v\u00e4gg\"},{\"@type\":\"BreadcrumbList\",\"@id\":\"https:\/\/schine.se\/vara-produkter\/#breadcrumb\",\"itemListElement\":[{\"@type\":\"ListItem\",\"position\":1,\"name\":\"Home\",\"item\":\"https:\/\/schine.se\/\"},{\"@type\":\"ListItem\",\"position\":2,\"name\":\"Tuotteet\"}]},{\"@type\":\"WebSite\",\"@id\":\"https:\/\/schine.se\/#website\",\"url\":\"https:\/\/schine.se\/\",\"name\":\"Schine\",\"description\":\"Enklare hj\u00e4lpmedel som g\u00f6r skillnad\",\"potentialAction\":[{\"@type\":\"SearchAction\",\"target\":{\"@type\":\"EntryPoint\",\"urlTemplate\":\"https:\/\/schine.se\/?s={search_term_string}\"},\"query-input\":{\"@type\":\"PropertyValueSpecification\",\"valueRequired\":true,\"valueName\":\"search_term_string\"}}],\"inLanguage\":\"fi\"}]}<\/script>\n<!-- \/ Yoast SEO plugin. -->","yoast_head_json":{"title":"Tuotteet - Schine Innovation","robots":{"index":"index","follow":"follow","max-snippet":"max-snippet:-1","max-image-preview":"max-image-preview:large","max-video-preview":"max-video-preview:-1"},"canonical":"https:\/\/schine.se\/vara-produkter\/","og_locale":"fi_FI","og_type":"article","og_title":"Tuotteet - Schine Innovation","og_url":"https:\/\/schine.se\/vara-produkter\/","og_site_name":"Schine Innovation","article_modified_time":"2024-03-18T20:05:16+00:00","og_image":[{"width":2080,"height":369,"url":"https:\/\/schine.se\/wp-content\/uploads\/2024\/03\/skarmavbild-2024-03-11-kl-155729.png","type":"image\/png"}],"twitter_card":"summary_large_image","schema":{"@context":"https:\/\/schema.org","@graph":[{"@type":"WebPage","@id":"https:\/\/schine.se\/vara-produkter\/","url":"https:\/\/schine.se\/vara-produkter\/","name":"Tuotteet - Schine Innovation","isPartOf":{"@id":"https:\/\/schine.se\/#website"},"primaryImageOfPage":{"@id":"https:\/\/schine.se\/vara-produkter\/#primaryimage"},"image":{"@id":"https:\/\/schine.se\/vara-produkter\/#primaryimage"},"thumbnailUrl":"https:\/\/schine.se\/wp-content\/uploads\/2024\/03\/skarmavbild-2024-03-11-kl-155729.png","datePublished":"2018-10-19T07:37:07+00:00","dateModified":"2024-03-18T20:05:16+00:00","breadcrumb":{"@id":"https:\/\/schine.se\/vara-produkter\/#breadcrumb"},"inLanguage":"fi","potentialAction":[{"@type":"ReadAction","target":["https:\/\/schine.se\/vara-produkter\/"]}]},{"@type":"ImageObject","inLanguage":"fi","@id":"https:\/\/schine.se\/vara-produkter\/#primaryimage","url":"https:\/\/schine.se\/wp-content\/uploads\/2024\/03\/skarmavbild-2024-03-11-kl-155729.png","contentUrl":"https:\/\/schine.se\/wp-content\/uploads\/2024\/03\/skarmavbild-2024-03-11-kl-155729.png","width":2080,"height":369,"caption":"Schine Walk d\u00e4mpare st\u00e5r lutad mot v\u00e4gg"},{"@type":"BreadcrumbList","@id":"https:\/\/schine.se\/vara-produkter\/#breadcrumb","itemListElement":[{"@type":"ListItem","position":1,"name":"Home","item":"https:\/\/schine.se\/"},{"@type":"ListItem","position":2,"name":"Tuotteet"}]},{"@type":"WebSite","@id":"https:\/\/schine.se\/#website","url":"https:\/\/schine.se\/","name":"Schine","description":"Enklare hj\u00e4lpmedel som g\u00f6r skillnad","potentialAction":[{"@type":"SearchAction","target":{"@type":"EntryPoint","urlTemplate":"https:\/\/schine.se\/?s={search_term_string}"},"query-input":{"@type":"PropertyValueSpecification","valueRequired":true,"valueName":"search_term_string"}}],"inLanguage":"fi"}]}},"_links":{"self":[{"href":"https:\/\/schine.se\/fi\/wp-json\/wp\/v2\/pages\/994"}],"collection":[{"href":"https:\/\/schine.se\/fi\/wp-json\/wp\/v2\/pages"}],"about":[{"href":"https:\/\/schine.se\/fi\/wp-json\/wp\/v2\/types\/page"}],"author":[{"embeddable":true,"href":"https:\/\/schine.se\/fi\/wp-json\/wp\/v2\/users\/1"}],"replies":[{"embeddable":true,"href":"https:\/\/schine.se\/fi\/wp-json\/wp\/v2\/comments?post=994"}],"version-history":[{"count":3,"href":"https:\/\/schine.se\/fi\/wp-json\/wp\/v2\/pages\/994\/revisions"}],"predecessor-version":[{"id":4864,"href":"https:\/\/schine.se\/fi\/wp-json\/wp\/v2\/pages\/994\/revisions\/4864"}],"wp:featuredmedia":[{"embeddable":true,"href":"https:\/\/schine.se\/fi\/wp-json\/wp\/v2\/media\/4456"}],"wp:attachment":[{"href":"https:\/\/schine.se\/fi\/wp-json\/wp\/v2\/media?parent=994"}],"curies":[{"name":"wp","href":"https:\/\/api.w.org\/{rel}","templated":true}]}}